{"id":8040,"date":"2025-09-03T00:18:07","date_gmt":"2025-09-03T05:18:07","guid":{"rendered":"https:\/\/tuchance.co\/rifa\/?post_type=product&#038;p=8040"},"modified":"2025-09-03T05:18:07","modified_gmt":"2025-09-03T10:18:07","slug":"22-millones-con-loteria-del-huila-42","status":"publish","type":"product","link":"https:\/\/tuchance.co\/rifa\/product\/22-millones-con-loteria-del-huila-42\/","title":{"rendered":"22 Millones con Loteria del Huila (09-09-2025)"},"content":{"rendered":"<div class=\"flex-shrink-0 flex flex-col relative items-end\">\n<div>\n<div class=\"pt-0\">\n<div class=\"gizmo-bot-avatar flex h-8 w-8 items-center justify-center overflow-hidden rounded-full\">\n<div class=\"relative p-1 rounded-sm flex items-center justify-center bg-token-main-surface-primary text-token-text-primary h-8 w-8\"><\/div>\n<\/div>\n<\/div>\n<\/div>\n<\/div>\n<div class=\"group\/conversation-turn relative flex w-full min-w-0 flex-col agent-turn\">\n<div class=\"flex-col gap-1 md:gap-3\">\n<div class=\"flex max-w-full flex-col flex-grow\">\n<div class=\"min-h-8 text-message flex w-full flex-col items-end gap-2 whitespace-normal break-words [.text-message+&amp;]:mt-5\" dir=\"auto\" data-message-author-role=\"assistant\" data-message-id=\"f28c8447-d90e-45ae-ae4e-8027ff2d8908\" data-message-model-slug=\"gpt-4o-canmore\">\n<div class=\"flex w-full flex-col gap-1 empty:hidden first:pt-[3px]\">\n<div class=\"markdown prose w-full break-words dark:prose-invert light\">\n<p>\u00a1Participa en nuestra <strong>Rifa de 22 Millones de Pesos<\/strong> por tan solo <strong>$5,000 por n\u00famero<\/strong>!<\/p>\n<p>Este emocionante sorteo se juega cada martes con el <strong>mayor de la Loter\u00eda del Huila<\/strong>. Cada boleto te cuesta $5,000, y podr\u00e1s elegir tus n\u00fameros favoritos en la secci\u00f3n de abajo. \u00a1Que la suerte est\u00e9 de tu lado y esos n\u00fameros te conviertan en el gran ganador!<\/p>\n<p><strong>Premio<\/strong>: 22 millones de pesos en efectivo para el afortunado ganador.<\/p>\n<p>No te pierdas esta oportunidad de cambiar tu vida. \u00a1Escoge tus n\u00fameros, juega y deja que la suerte te acompa\u00f1e! \ud83c\udf40\u2728<\/p>\n<\/div>\n<\/div>\n<\/div>\n<\/div>\n<\/div>\n<\/div>\n","protected":false},"excerpt":{"rendered":"<p>\u00a1Participa en nuestra Rifa de 22 Millones de Pesos por tan solo $5,000 por n\u00famero! Este emocionante sorteo se juega [&hellip;]<\/p>\n","protected":false},"featured_media":212,"template":"","meta":{"site-sidebar-layout":"default","site-content-layout":"","ast-site-content-layout":"default","site-content-style":"default","site-sidebar-style":"default","ast-global-header-display":"","ast-banner-title-visibility":"","ast-main-header-display":"","ast-hfb-above-header-display":"","ast-hfb-below-header-display":"","ast-hfb-mobile-header-display":"","site-post-title":"","ast-breadcrumbs-content":"","ast-featured-img":"","footer-sml-layout":"","ast-disable-related-posts":"","theme-transparent-header-meta":"default","adv-header-id-meta":"","stick-header-meta":"","header-above-stick-meta":"","header-main-stick-meta":"","header-below-stick-meta":"","astra-migrate-meta-layouts":"set","ast-page-background-enabled":"default","ast-page-background-meta":{"desktop":{"background-color":"var(--ast-global-color-4)","background-image":"","background-repeat":"repeat","background-position":"center center","background-size":"auto","background-attachment":"scroll","background-type":"","background-media":"","overlay-type":"","overlay-color":"","overlay-opacity":"","overlay-gradient":""},"tablet":{"background-color":"","background-image":"","background-repeat":"repeat","background-position":"center center","background-size":"auto","background-attachment":"scroll","background-type":"","background-media":"","overlay-type":"","overlay-color":"","overlay-opacity":"","overlay-gradient":""},"mobile":{"background-color":"","background-image":"","background-repeat":"repeat","background-position":"center center","background-size":"auto","background-attachment":"scroll","background-type":"","background-media":"","overlay-type":"","overlay-color":"","overlay-opacity":"","overlay-gradient":""}},"ast-content-background-meta":{"desktop":{"background-color":"var(--ast-global-color-5)","background-image":"","background-repeat":"repeat","background-position":"center center","background-size":"auto","background-attachment":"scroll","background-type":"","background-media":"","overlay-type":"","overlay-color":"","overlay-opacity":"","overlay-gradient":""},"tablet":{"background-color":"var(--ast-global-color-5)","background-image":"","background-repeat":"repeat","background-position":"center center","background-size":"auto","background-attachment":"scroll","background-type":"","background-media":"","overlay-type":"","overlay-color":"","overlay-opacity":"","overlay-gradient":""},"mobile":{"background-color":"var(--ast-global-color-5)","background-image":"","background-repeat":"repeat","background-position":"center center","background-size":"auto","background-attachment":"scroll","background-type":"","background-media":"","overlay-type":"","overlay-color":"","overlay-opacity":"","overlay-gradient":""}}},"product_brand":[],"product_cat":[23],"product_tag":[],"class_list":{"0":"post-8040","1":"product","2":"type-product","3":"status-publish","4":"has-post-thumbnail","6":"product_cat-sorteos","7":"desktop-align-left","8":"tablet-align-left","9":"mobile-align-left","11":"first","12":"instock","13":"virtual","14":"purchasable","15":"product-type-lottery"},"acf":[],"yoast_head":"<!-- This site is optimized with the Yoast SEO Premium plugin v24.2 (Yoast SEO v27.6) - https:\/\/yoast.com\/product\/yoast-seo-premium-wordpress\/ -->\n<title>22 Millones con Loteria del Huila (09-09-2025) - TuChance.co<\/title>\n<meta name=\"robots\" content=\"index, follow, max-snippet:-1, max-image-preview:large, max-video-preview:-1\" \/>\n<link rel=\"canonical\" href=\"https:\/\/tuchance.co\/rifa\/product\/22-millones-con-loteria-del-huila-42\/\" \/>\n<meta property=\"og:locale\" content=\"es_ES\" \/>\n<meta property=\"og:type\" content=\"article\" \/>\n<meta property=\"og:title\" content=\"22 Millones con Loteria del Huila (09-09-2025)\" \/>\n<meta property=\"og:description\" content=\"\u00a1Participa en nuestra Rifa de 22 Millones de Pesos por tan solo $5,000 por n\u00famero! Este emocionante sorteo se juega [&hellip;]\" \/>\n<meta property=\"og:url\" content=\"https:\/\/tuchance.co\/rifa\/product\/22-millones-con-loteria-del-huila-42\/\" \/>\n<meta property=\"og:site_name\" content=\"TuChance.co\" \/>\n<meta property=\"article:modified_time\" content=\"2025-09-03T10:18:07+00:00\" \/>\n<meta property=\"og:image\" content=\"https:\/\/tuchance.co\/rifa\/wp-content\/uploads\/2024\/10\/huila-martes.jpg\" \/>\n\t<meta property=\"og:image:width\" content=\"491\" \/>\n\t<meta property=\"og:image:height\" content=\"361\" \/>\n\t<meta property=\"og:image:type\" content=\"image\/jpeg\" \/>\n<meta name=\"twitter:card\" content=\"summary_large_image\" \/>\n<meta name=\"twitter:label1\" content=\"Tiempo de lectura\" \/>\n\t<meta name=\"twitter:data1\" content=\"1 minuto\" \/>\n<script type=\"application\/ld+json\" class=\"yoast-schema-graph\">{\"@context\":\"https:\\\/\\\/schema.org\",\"@graph\":[{\"@type\":\"WebPage\",\"@id\":\"https:\\\/\\\/tuchance.co\\\/rifa\\\/product\\\/22-millones-con-loteria-del-huila-42\\\/\",\"url\":\"https:\\\/\\\/tuchance.co\\\/rifa\\\/product\\\/22-millones-con-loteria-del-huila-42\\\/\",\"name\":\"22 Millones con Loteria del Huila (09-09-2025) - TuChance.co\",\"isPartOf\":{\"@id\":\"https:\\\/\\\/tuchance.co\\\/rifa\\\/#website\"},\"primaryImageOfPage\":{\"@id\":\"https:\\\/\\\/tuchance.co\\\/rifa\\\/product\\\/22-millones-con-loteria-del-huila-42\\\/#primaryimage\"},\"image\":{\"@id\":\"https:\\\/\\\/tuchance.co\\\/rifa\\\/product\\\/22-millones-con-loteria-del-huila-42\\\/#primaryimage\"},\"thumbnailUrl\":\"https:\\\/\\\/tuchance.co\\\/rifa\\\/wp-content\\\/uploads\\\/2024\\\/10\\\/huila-martes.jpg\",\"datePublished\":\"2025-09-03T05:18:07+00:00\",\"dateModified\":\"2025-09-03T10:18:07+00:00\",\"breadcrumb\":{\"@id\":\"https:\\\/\\\/tuchance.co\\\/rifa\\\/product\\\/22-millones-con-loteria-del-huila-42\\\/#breadcrumb\"},\"inLanguage\":\"es-CO\",\"potentialAction\":[{\"@type\":\"ReadAction\",\"target\":[\"https:\\\/\\\/tuchance.co\\\/rifa\\\/product\\\/22-millones-con-loteria-del-huila-42\\\/\"]}]},{\"@type\":\"ImageObject\",\"inLanguage\":\"es-CO\",\"@id\":\"https:\\\/\\\/tuchance.co\\\/rifa\\\/product\\\/22-millones-con-loteria-del-huila-42\\\/#primaryimage\",\"url\":\"https:\\\/\\\/tuchance.co\\\/rifa\\\/wp-content\\\/uploads\\\/2024\\\/10\\\/huila-martes.jpg\",\"contentUrl\":\"https:\\\/\\\/tuchance.co\\\/rifa\\\/wp-content\\\/uploads\\\/2024\\\/10\\\/huila-martes.jpg\",\"width\":491,\"height\":361},{\"@type\":\"BreadcrumbList\",\"@id\":\"https:\\\/\\\/tuchance.co\\\/rifa\\\/product\\\/22-millones-con-loteria-del-huila-42\\\/#breadcrumb\",\"itemListElement\":[{\"@type\":\"ListItem\",\"position\":1,\"name\":\"Home\",\"item\":\"https:\\\/\\\/tuchance.co\\\/rifa\\\/\"},{\"@type\":\"ListItem\",\"position\":2,\"name\":\"Sorteos\",\"item\":\"https:\\\/\\\/tuchance.co\\\/rifa\\\/\"},{\"@type\":\"ListItem\",\"position\":3,\"name\":\"22 Millones con Loteria del Huila (09-09-2025)\"}]},{\"@type\":\"WebSite\",\"@id\":\"https:\\\/\\\/tuchance.co\\\/rifa\\\/#website\",\"url\":\"https:\\\/\\\/tuchance.co\\\/rifa\\\/\",\"name\":\"TuChance.co\",\"description\":\"Vendemos tiquetes para cumplir tus sue\u00f1os\",\"publisher\":{\"@id\":\"https:\\\/\\\/tuchance.co\\\/rifa\\\/#organization\"},\"potentialAction\":[{\"@type\":\"SearchAction\",\"target\":{\"@type\":\"EntryPoint\",\"urlTemplate\":\"https:\\\/\\\/tuchance.co\\\/rifa\\\/?s={search_term_string}\"},\"query-input\":{\"@type\":\"PropertyValueSpecification\",\"valueRequired\":true,\"valueName\":\"search_term_string\"}}],\"inLanguage\":\"es-CO\"},{\"@type\":\"Organization\",\"@id\":\"https:\\\/\\\/tuchance.co\\\/rifa\\\/#organization\",\"name\":\"TuChance.co\",\"url\":\"https:\\\/\\\/tuchance.co\\\/rifa\\\/\",\"logo\":{\"@type\":\"ImageObject\",\"inLanguage\":\"es-CO\",\"@id\":\"https:\\\/\\\/tuchance.co\\\/rifa\\\/#\\\/schema\\\/logo\\\/image\\\/\",\"url\":\"https:\\\/\\\/tuchance.co\\\/rifa\\\/wp-content\\\/uploads\\\/2024\\\/11\\\/cropped-logotuchance.png\",\"contentUrl\":\"https:\\\/\\\/tuchance.co\\\/rifa\\\/wp-content\\\/uploads\\\/2024\\\/11\\\/cropped-logotuchance.png\",\"width\":329,\"height\":107,\"caption\":\"TuChance.co\"},\"image\":{\"@id\":\"https:\\\/\\\/tuchance.co\\\/rifa\\\/#\\\/schema\\\/logo\\\/image\\\/\"},\"publishingPrinciples\":\"https:\\\/\\\/tuchance.co\\\/rifa\\\/privacy-policy\\\/\",\"ownershipFundingInfo\":\"https:\\\/\\\/tuchance.co\\\/rifa\\\/faq\\\/\",\"actionableFeedbackPolicy\":\"https:\\\/\\\/tuchance.co\\\/rifa\\\/privacy-policy\\\/\",\"ethicsPolicy\":\"https:\\\/\\\/tuchance.co\\\/rifa\\\/privacy-policy\\\/\"}]}<\/script>\n<!-- \/ Yoast SEO Premium plugin. -->","yoast_head_json":{"title":"22 Millones con Loteria del Huila (09-09-2025) - TuChance.co","robots":{"index":"index","follow":"follow","max-snippet":"max-snippet:-1","max-image-preview":"max-image-preview:large","max-video-preview":"max-video-preview:-1"},"canonical":"https:\/\/tuchance.co\/rifa\/product\/22-millones-con-loteria-del-huila-42\/","og_locale":"es_ES","og_type":"article","og_title":"22 Millones con Loteria del Huila (09-09-2025)","og_description":"\u00a1Participa en nuestra Rifa de 22 Millones de Pesos por tan solo $5,000 por n\u00famero! Este emocionante sorteo se juega [&hellip;]","og_url":"https:\/\/tuchance.co\/rifa\/product\/22-millones-con-loteria-del-huila-42\/","og_site_name":"TuChance.co","article_modified_time":"2025-09-03T10:18:07+00:00","og_image":[{"width":491,"height":361,"url":"https:\/\/tuchance.co\/rifa\/wp-content\/uploads\/2024\/10\/huila-martes.jpg","type":"image\/jpeg"}],"twitter_card":"summary_large_image","twitter_misc":{"Tiempo de lectura":"1 minuto"},"schema":{"@context":"https:\/\/schema.org","@graph":[{"@type":"WebPage","@id":"https:\/\/tuchance.co\/rifa\/product\/22-millones-con-loteria-del-huila-42\/","url":"https:\/\/tuchance.co\/rifa\/product\/22-millones-con-loteria-del-huila-42\/","name":"22 Millones con Loteria del Huila (09-09-2025) - TuChance.co","isPartOf":{"@id":"https:\/\/tuchance.co\/rifa\/#website"},"primaryImageOfPage":{"@id":"https:\/\/tuchance.co\/rifa\/product\/22-millones-con-loteria-del-huila-42\/#primaryimage"},"image":{"@id":"https:\/\/tuchance.co\/rifa\/product\/22-millones-con-loteria-del-huila-42\/#primaryimage"},"thumbnailUrl":"https:\/\/tuchance.co\/rifa\/wp-content\/uploads\/2024\/10\/huila-martes.jpg","datePublished":"2025-09-03T05:18:07+00:00","dateModified":"2025-09-03T10:18:07+00:00","breadcrumb":{"@id":"https:\/\/tuchance.co\/rifa\/product\/22-millones-con-loteria-del-huila-42\/#breadcrumb"},"inLanguage":"es-CO","potentialAction":[{"@type":"ReadAction","target":["https:\/\/tuchance.co\/rifa\/product\/22-millones-con-loteria-del-huila-42\/"]}]},{"@type":"ImageObject","inLanguage":"es-CO","@id":"https:\/\/tuchance.co\/rifa\/product\/22-millones-con-loteria-del-huila-42\/#primaryimage","url":"https:\/\/tuchance.co\/rifa\/wp-content\/uploads\/2024\/10\/huila-martes.jpg","contentUrl":"https:\/\/tuchance.co\/rifa\/wp-content\/uploads\/2024\/10\/huila-martes.jpg","width":491,"height":361},{"@type":"BreadcrumbList","@id":"https:\/\/tuchance.co\/rifa\/product\/22-millones-con-loteria-del-huila-42\/#breadcrumb","itemListElement":[{"@type":"ListItem","position":1,"name":"Home","item":"https:\/\/tuchance.co\/rifa\/"},{"@type":"ListItem","position":2,"name":"Sorteos","item":"https:\/\/tuchance.co\/rifa\/"},{"@type":"ListItem","position":3,"name":"22 Millones con Loteria del Huila (09-09-2025)"}]},{"@type":"WebSite","@id":"https:\/\/tuchance.co\/rifa\/#website","url":"https:\/\/tuchance.co\/rifa\/","name":"TuChance.co","description":"Vendemos tiquetes para cumplir tus sue\u00f1os","publisher":{"@id":"https:\/\/tuchance.co\/rifa\/#organization"},"potentialAction":[{"@type":"SearchAction","target":{"@type":"EntryPoint","urlTemplate":"https:\/\/tuchance.co\/rifa\/?s={search_term_string}"},"query-input":{"@type":"PropertyValueSpecification","valueRequired":true,"valueName":"search_term_string"}}],"inLanguage":"es-CO"},{"@type":"Organization","@id":"https:\/\/tuchance.co\/rifa\/#organization","name":"TuChance.co","url":"https:\/\/tuchance.co\/rifa\/","logo":{"@type":"ImageObject","inLanguage":"es-CO","@id":"https:\/\/tuchance.co\/rifa\/#\/schema\/logo\/image\/","url":"https:\/\/tuchance.co\/rifa\/wp-content\/uploads\/2024\/11\/cropped-logotuchance.png","contentUrl":"https:\/\/tuchance.co\/rifa\/wp-content\/uploads\/2024\/11\/cropped-logotuchance.png","width":329,"height":107,"caption":"TuChance.co"},"image":{"@id":"https:\/\/tuchance.co\/rifa\/#\/schema\/logo\/image\/"},"publishingPrinciples":"https:\/\/tuchance.co\/rifa\/privacy-policy\/","ownershipFundingInfo":"https:\/\/tuchance.co\/rifa\/faq\/","actionableFeedbackPolicy":"https:\/\/tuchance.co\/rifa\/privacy-policy\/","ethicsPolicy":"https:\/\/tuchance.co\/rifa\/privacy-policy\/"}]}},"_links":{"self":[{"href":"https:\/\/tuchance.co\/rifa\/wp-json\/wp\/v2\/product\/8040","targetHints":{"allow":["GET"]}}],"collection":[{"href":"https:\/\/tuchance.co\/rifa\/wp-json\/wp\/v2\/product"}],"about":[{"href":"https:\/\/tuchance.co\/rifa\/wp-json\/wp\/v2\/types\/product"}],"wp:featuredmedia":[{"embeddable":true,"href":"https:\/\/tuchance.co\/rifa\/wp-json\/wp\/v2\/media\/212"}],"wp:attachment":[{"href":"https:\/\/tuchance.co\/rifa\/wp-json\/wp\/v2\/media?parent=8040"}],"wp:term":[{"taxonomy":"product_brand","embeddable":true,"href":"https:\/\/tuchance.co\/rifa\/wp-json\/wp\/v2\/product_brand?post=8040"},{"taxonomy":"product_cat","embeddable":true,"href":"https:\/\/tuchance.co\/rifa\/wp-json\/wp\/v2\/product_cat?post=8040"},{"taxonomy":"product_tag","embeddable":true,"href":"https:\/\/tuchance.co\/rifa\/wp-json\/wp\/v2\/product_tag?post=8040"}],"curies":[{"name":"wp","href":"https:\/\/api.w.org\/{rel}","templated":true}]}}